{"id":3703,"date":"2024-09-11T11:47:39","date_gmt":"2024-09-11T17:47:39","guid":{"rendered":"https:\/\/libelula-media.com.mx\/5600029564\/producto\/import-placeholder-for-272\/"},"modified":"2025-04-07T21:19:28","modified_gmt":"2025-04-08T03:19:28","slug":"logitech-audfonos-con-micrfono-h111-almbrico-1-8-metros-3-5mm-gris","status":"publish","type":"product","link":"https:\/\/libelula-media.com.mx\/5600029564\/producto\/logitech-audfonos-con-micrfono-h111-almbrico-1-8-metros-3-5mm-gris\/","title":{"rendered":"Logitech Aud\u00edfonos con Micr\u00f3fono H111, Al\u00e1mbrico, 1.8 Metros, 3.5mm, Gris"},"content":{"rendered":"","protected":false},"excerpt":{"rendered":"","protected":false},"featured_media":3926,"comment_status":"open","ping_status":"closed","template":"","meta":{"inline_featured_image":false},"product_cat":[159],"product_tag":[],"class_list":{"0":"post-3703","1":"product","2":"type-product","3":"status-publish","4":"has-post-thumbnail","6":"product_cat-sin-categoria","8":"first","9":"instock","10":"shipping-taxable","11":"purchasable","12":"product-type-simple"},"_links":{"self":[{"href":"https:\/\/libelula-media.com.mx\/5600029564\/wp-json\/wp\/v2\/product\/3703","targetHints":{"allow":["GET"]}}],"collection":[{"href":"https:\/\/libelula-media.com.mx\/5600029564\/wp-json\/wp\/v2\/product"}],"about":[{"href":"https:\/\/libelula-media.com.mx\/5600029564\/wp-json\/wp\/v2\/types\/product"}],"replies":[{"embeddable":true,"href":"https:\/\/libelula-media.com.mx\/5600029564\/wp-json\/wp\/v2\/comments?post=3703"}],"wp:featuredmedia":[{"embeddable":true,"href":"https:\/\/libelula-media.com.mx\/5600029564\/wp-json\/wp\/v2\/media\/3926"}],"wp:attachment":[{"href":"https:\/\/libelula-media.com.mx\/5600029564\/wp-json\/wp\/v2\/media?parent=3703"}],"wp:term":[{"taxonomy":"product_cat","embeddable":true,"href":"https:\/\/libelula-media.com.mx\/5600029564\/wp-json\/wp\/v2\/product_cat?post=3703"},{"taxonomy":"product_tag","embeddable":true,"href":"https:\/\/libelula-media.com.mx\/5600029564\/wp-json\/wp\/v2\/product_tag?post=3703"}],"curies":[{"name":"wp","href":"https:\/\/api.w.org\/{rel}","templated":true}]}}