{"id":3713,"date":"2024-09-11T11:47:41","date_gmt":"2024-09-11T17:47:41","guid":{"rendered":"https:\/\/libelula-media.com.mx\/5600029564\/producto\/import-placeholder-for-282\/"},"modified":"2025-04-07T21:21:25","modified_gmt":"2025-04-08T03:21:25","slug":"billboard-audfonos-intrauriculares-con-micrfono-prime-almbrico-1-2-metros-3-5mm-azul","status":"publish","type":"product","link":"https:\/\/libelula-media.com.mx\/5600029564\/producto\/billboard-audfonos-intrauriculares-con-micrfono-prime-almbrico-1-2-metros-3-5mm-azul\/","title":{"rendered":"Billboard Aud\u00edfonos Intrauriculares con Micr\u00f3fono Prime, Al\u00e1mbrico, 1.2 Metros, 3.5mm, Azul"},"content":{"rendered":"","protected":false},"excerpt":{"rendered":"","protected":false},"featured_media":3936,"comment_status":"open","ping_status":"closed","template":"","meta":{"inline_featured_image":false},"product_cat":[101,100,159],"product_tag":[],"class_list":{"0":"post-3713","1":"product","2":"type-product","3":"status-publish","4":"has-post-thumbnail","6":"brand-stf","7":"product_cat-audifonos","8":"product_cat-audio","9":"product_cat-sin-categoria","11":"first","12":"instock","13":"shipping-taxable","14":"purchasable","15":"product-type-simple"},"_links":{"self":[{"href":"https:\/\/libelula-media.com.mx\/5600029564\/wp-json\/wp\/v2\/product\/3713","targetHints":{"allow":["GET"]}}],"collection":[{"href":"https:\/\/libelula-media.com.mx\/5600029564\/wp-json\/wp\/v2\/product"}],"about":[{"href":"https:\/\/libelula-media.com.mx\/5600029564\/wp-json\/wp\/v2\/types\/product"}],"replies":[{"embeddable":true,"href":"https:\/\/libelula-media.com.mx\/5600029564\/wp-json\/wp\/v2\/comments?post=3713"}],"wp:featuredmedia":[{"embeddable":true,"href":"https:\/\/libelula-media.com.mx\/5600029564\/wp-json\/wp\/v2\/media\/3936"}],"wp:attachment":[{"href":"https:\/\/libelula-media.com.mx\/5600029564\/wp-json\/wp\/v2\/media?parent=3713"}],"wp:term":[{"taxonomy":"product_cat","embeddable":true,"href":"https:\/\/libelula-media.com.mx\/5600029564\/wp-json\/wp\/v2\/product_cat?post=3713"},{"taxonomy":"product_tag","embeddable":true,"href":"https:\/\/libelula-media.com.mx\/5600029564\/wp-json\/wp\/v2\/product_tag?post=3713"}],"curies":[{"name":"wp","href":"https:\/\/api.w.org\/{rel}","templated":true}]}}