{"id":3735,"date":"2024-09-11T11:47:55","date_gmt":"2024-09-11T17:47:55","guid":{"rendered":"https:\/\/libelula-media.com.mx\/5600029564\/producto\/import-placeholder-for-304\/"},"modified":"2025-04-07T21:30:57","modified_gmt":"2025-04-08T03:30:57","slug":"mouse-ergonmico-multilaser-ptico-mo300-almbrico-usb-1200dpi-negro","status":"publish","type":"product","link":"https:\/\/libelula-media.com.mx\/5600029564\/producto\/mouse-ergonmico-multilaser-ptico-mo300-almbrico-usb-1200dpi-negro\/","title":{"rendered":"Mouse Ergon\u00f3mico Multilaser \u00f3ptico MO300, Al\u00e1mbrico, USB, 1200DPI, Negro"},"content":{"rendered":"","protected":false},"excerpt":{"rendered":"","protected":false},"featured_media":3959,"comment_status":"open","ping_status":"closed","template":"","meta":{"inline_featured_image":false},"product_cat":[106,180,159],"product_tag":[],"class_list":{"0":"post-3735","1":"product","2":"type-product","3":"status-publish","4":"has-post-thumbnail","6":"product_cat-computo","7":"product_cat-mouse-y-teclado","8":"product_cat-sin-categoria","10":"first","11":"outofstock","12":"shipping-taxable","13":"purchasable","14":"product-type-simple"},"_links":{"self":[{"href":"https:\/\/libelula-media.com.mx\/5600029564\/wp-json\/wp\/v2\/product\/3735","targetHints":{"allow":["GET"]}}],"collection":[{"href":"https:\/\/libelula-media.com.mx\/5600029564\/wp-json\/wp\/v2\/product"}],"about":[{"href":"https:\/\/libelula-media.com.mx\/5600029564\/wp-json\/wp\/v2\/types\/product"}],"replies":[{"embeddable":true,"href":"https:\/\/libelula-media.com.mx\/5600029564\/wp-json\/wp\/v2\/comments?post=3735"}],"wp:featuredmedia":[{"embeddable":true,"href":"https:\/\/libelula-media.com.mx\/5600029564\/wp-json\/wp\/v2\/media\/3959"}],"wp:attachment":[{"href":"https:\/\/libelula-media.com.mx\/5600029564\/wp-json\/wp\/v2\/media?parent=3735"}],"wp:term":[{"taxonomy":"product_cat","embeddable":true,"href":"https:\/\/libelula-media.com.mx\/5600029564\/wp-json\/wp\/v2\/product_cat?post=3735"},{"taxonomy":"product_tag","embeddable":true,"href":"https:\/\/libelula-media.com.mx\/5600029564\/wp-json\/wp\/v2\/product_tag?post=3735"}],"curies":[{"name":"wp","href":"https:\/\/api.w.org\/{rel}","templated":true}]}}